{"id":824,"date":"2020-03-20T17:12:47","date_gmt":"2020-03-20T20:12:47","guid":{"rendered":"https:\/\/sk.com.br\/en\/?page_id=824"},"modified":"2020-04-27T13:16:09","modified_gmt":"2020-04-27T16:16:09","slug":"licoes-em-video","status":"publish","type":"page","link":"https:\/\/sk.com.br\/en\/english-made-in-brazil\/licoes-em-video\/","title":{"rendered":"Video Lessons"},"content":{"rendered":"<p>[vc_row][vc_column][vc_column_text]<\/p>\n<h1><strong>One-Minute English<\/strong><\/h1>\n<p>After one year in Brazil learning Portuguese, the British teacher Simon Hentschel explains in his excellent Portuguese some differences between Portuguese and English.[\/vc_column_text]<div class=\"spacer\" style=\"height: 8px;\"><\/div>[\/vc_column][\/vc_row][vc_row][vc_column width=&#8221;1\/2&#8243;]<div class=\"video-embed  wpb_content_element\"><iframe title=\"O  verbo &#039;CAN&#039; e seus tr\u00eas significados\" width=\"1161\" height=\"871\" src=\"https:\/\/www.youtube.com\/embed\/XwxM8tKv9EE?feature=oembed\" frameborder=\"0\" allow=\"accelerometer; autoplay; clipboard-write; encrypted-media; gyroscope; picture-in-picture; web-share\" referrerpolicy=\"strict-origin-when-cross-origin\" allowfullscreen><\/iframe><\/div><div class=\"video-embed  wpb_content_element\"><iframe title=\"Diferen\u00e7as idiom\u00e1ticas em express\u00f5es do dia-a-dia.\" width=\"1161\" height=\"871\" src=\"https:\/\/www.youtube.com\/embed\/ohNl45nNZGQ?feature=oembed\" frameborder=\"0\" allow=\"accelerometer; autoplay; clipboard-write; encrypted-media; gyroscope; picture-in-picture; web-share\" referrerpolicy=\"strict-origin-when-cross-origin\" allowfullscreen><\/iframe><\/div><div class=\"video-embed  wpb_content_element\"><iframe title=\"A curiosa origem da palavra &#039;\u00cdNDIO&#039;\" width=\"1161\" height=\"871\" src=\"https:\/\/www.youtube.com\/embed\/L9M2QwmAY3Y?feature=oembed\" frameborder=\"0\" allow=\"accelerometer; autoplay; clipboard-write; encrypted-media; gyroscope; picture-in-picture; web-share\" referrerpolicy=\"strict-origin-when-cross-origin\" allowfullscreen><\/iframe><\/div><div class=\"video-embed  wpb_content_element\"><iframe title=\"Como traduzir a express\u00e3o &#039;MAIS OU MENOS&#039; para o ingl\u00eas\" width=\"1161\" height=\"871\" src=\"https:\/\/www.youtube.com\/embed\/AGtRvhLJxs0?feature=oembed\" frameborder=\"0\" allow=\"accelerometer; autoplay; clipboard-write; encrypted-media; gyroscope; picture-in-picture; web-share\" referrerpolicy=\"strict-origin-when-cross-origin\" allowfullscreen><\/iframe><\/div><div class=\"video-embed  wpb_content_element\"><iframe title=\"Diferen\u00e7as no uso do singular e do plural\" width=\"1161\" height=\"871\" src=\"https:\/\/www.youtube.com\/embed\/NZHpJBOzc3k?feature=oembed\" frameborder=\"0\" allow=\"accelerometer; autoplay; clipboard-write; encrypted-media; gyroscope; picture-in-picture; web-share\" referrerpolicy=\"strict-origin-when-cross-origin\" allowfullscreen><\/iframe><\/div><div class=\"video-embed  wpb_content_element\"><iframe title=\"As palavras &#039;SHOPPING&#039; e &#039;OUTDOOR&#039;\" width=\"1161\" height=\"871\" src=\"https:\/\/www.youtube.com\/embed\/KlEgWxjskHs?feature=oembed\" frameborder=\"0\" allow=\"accelerometer; autoplay; clipboard-write; encrypted-media; gyroscope; picture-in-picture; web-share\" referrerpolicy=\"strict-origin-when-cross-origin\" allowfullscreen><\/iframe><\/div>[\/vc_column][vc_column el_class=&#8221;https:\/\/youtu.be\/hEGkf2ATQ5I&#8221; width=&#8221;1\/2&#8243;]<div class=\"video-embed  wpb_content_element\"><iframe title=\"A origem do verbo &#039;DELETAR&#039;\" width=\"1161\" height=\"871\" src=\"https:\/\/www.youtube.com\/embed\/hEGkf2ATQ5I?feature=oembed\" frameborder=\"0\" allow=\"accelerometer; autoplay; clipboard-write; encrypted-media; gyroscope; picture-in-picture; web-share\" referrerpolicy=\"strict-origin-when-cross-origin\" allowfullscreen><\/iframe><\/div><div class=\"video-embed  wpb_content_element\"><iframe title=\"Como traduzir os verbos &#039;GANHAR&#039; e &#039;PERDER&#039; para o ingl\u00eas\" width=\"1161\" height=\"871\" src=\"https:\/\/www.youtube.com\/embed\/OzPzpasNl-g?feature=oembed\" frameborder=\"0\" allow=\"accelerometer; autoplay; clipboard-write; encrypted-media; gyroscope; picture-in-picture; web-share\" referrerpolicy=\"strict-origin-when-cross-origin\" allowfullscreen><\/iframe><\/div><div class=\"video-embed  wpb_content_element\"><iframe title=\"Diferen\u00e7as culturais\" width=\"1161\" height=\"871\" src=\"https:\/\/www.youtube.com\/embed\/nVE4_jokV1w?feature=oembed\" frameborder=\"0\" allow=\"accelerometer; autoplay; clipboard-write; encrypted-media; gyroscope; picture-in-picture; web-share\" referrerpolicy=\"strict-origin-when-cross-origin\" allowfullscreen><\/iframe><\/div><div class=\"video-embed  wpb_content_element\"><iframe title=\"O verbo &#039;PEGAR&#039; e seus m\u00faltiplos significados\" width=\"1161\" height=\"871\" src=\"https:\/\/www.youtube.com\/embed\/ZvklkDGltDk?feature=oembed\" frameborder=\"0\" allow=\"accelerometer; autoplay; clipboard-write; encrypted-media; gyroscope; picture-in-picture; web-share\" referrerpolicy=\"strict-origin-when-cross-origin\" allowfullscreen><\/iframe><\/div><div class=\"video-embed  wpb_content_element\"><iframe title=\"A curiosa origem da palavra &#039;SANDU\u00cdCHE&#039;\" width=\"1161\" height=\"871\" src=\"https:\/\/www.youtube.com\/embed\/6CPuyKLhoek?feature=oembed\" frameborder=\"0\" allow=\"accelerometer; autoplay; clipboard-write; encrypted-media; gyroscope; picture-in-picture; web-share\" referrerpolicy=\"strict-origin-when-cross-origin\" allowfullscreen><\/iframe><\/div><div class=\"video-embed  wpb_content_element\"><iframe title=\"O duplo sentido do verbo &#039;TER&#039;\" width=\"1161\" height=\"871\" src=\"https:\/\/www.youtube.com\/embed\/SjARyPiQZnU?feature=oembed\" frameborder=\"0\" allow=\"accelerometer; autoplay; clipboard-write; encrypted-media; gyroscope; picture-in-picture; web-share\" referrerpolicy=\"strict-origin-when-cross-origin\" allowfullscreen><\/iframe><\/div>[\/vc_column][\/vc_row][vc_row class=&#8221;container idiomas&#8221;][vc_column width=&#8221;1\/1&#8243;][vc_raw_html]JTNDZGl2JTIwY2xhc3MlM0QlMjJ0b3BiYXItY29sMyUyMiUzRSUwQSUyMCUyMCUyMCUzQ2RpdiUyMGNsYXNzJTNEJTIyaWRsYSUyMiUzRSUwQSUyMCUyMCUyMCUyMCUyMCUzQ2ElMjBocmVmJTNEJTIyJTIzJTIyJTNFJTBBJTIwJTIwJTIwJTIwJTIwJTIwJTIwJTNDaW1nJTIwY2xhc3MlM0QlMjJhbGlnbm5vbmUlMjBzaXplLWZ1bGwlMjIlMjBzcmMlM0QlMjJodHRwcyUzQSUyRiUyRnNrLmNvbS5iciUyRmVuJTJGd3AtY29udGVudCUyRnVwbG9hZHMlMkYyMDE5JTJGMTIlMkZ1cy5qcGclMjIlMjBhbHQlM0QlMjIlMjIlMjB3aWR0aCUzRCUyMjI2JTIyJTIwaGVpZ2h0JTNEJTIyMjYlMjIlM0UlMEElMjAlMjAlMjAlMjAlMjAlM0MlMkZhJTNFJTBBJTIwJTIwJTIwJTNDJTJGZGl2JTNFJTA5JTBBJTBBJTIwJTIwJTIwJTNDZGl2JTIwY2xhc3MlM0QlMjJpZGxhJTIyJTNFJTBBJTIwJTIwJTIwJTIwJTIwJTNDYSUyMGhyZWYlM0QlMjJodHRwcyUzQSUyRiUyRnNrLmNvbS5iciUyRmVuZ2xpc2gtbWFkZS1pbi1icmF6aWwlMkZsaWNvZXMtZW0tdmlkZW8lMkYlMjIlM0UlMEElMjAlMjAlMjAlMjAlMjAlMjAlMjAlM0NpbWclMjBjbGFzcyUzRCUyMmFsaWdubm9uZSUyMHNpemUtZnVsbCUyMiUyMHNyYyUzRCUyMmh0dHBzJTNBJTJGJTJGc2suY29tLmJyJTJGZW4lMkZ3cC1jb250ZW50JTJGdXBsb2FkcyUyRjIwMTklMkYxMiUyRmJyLmpwZyUyMiUyMGFsdCUzRCUyMiUyMiUyMHdpZHRoJTNEJTIyMjYlMjIlMjBoZWlnaHQlM0QlMjIyNiUyMiUzRSUwQSUyMCUyMCUyMCUyMCUyMCUzQyUyRmElM0UlMEElMjAlMjAlMjAlM0MlMkZkaXYlM0UlMDklMDklMDklMDklMDklMDklMEElM0MlMkZkaXYlM0U=[\/vc_raw_html][\/vc_column][\/vc_row]<\/p>\n","protected":false},"excerpt":{"rendered":"<p>[vc_row][vc_column][vc_column_text] One-Minute English After one year in Brazil learning Portuguese, the British teacher Simon Hentschel explains in his excellent Portuguese some differences between Portuguese and English.[\/vc_column_text][\/vc_column][\/vc_row][vc_row][vc_column width=&#8221;1\/2&#8243;][\/vc_column][vc_column el_class=&#8221;https:\/\/youtu.be\/hEGkf2ATQ5I&#8221; width=&#8221;1\/2&#8243;][\/vc_column][\/vc_row][vc_row class=&#8221;container idiomas&#8221;][vc_column width=&#8221;1\/1&#8243;][vc_raw_html]JTNDZGl2JTIwY2xhc3MlM0QlMjJ0b3BiYXItY29sMyUyMiUzRSUwQSUyMCUyMCUyMCUzQ2RpdiUyMGNsYXNzJTNEJTIyaWRsYSUyMiUzRSUwQSUyMCUyMCUyMCUyMCUyMCUzQ2ElMjBocmVmJTNEJTIyJTIzJTIyJTNFJTBBJTIwJTIwJTIwJTIwJTIwJTIwJTIwJTNDaW1nJTIwY2xhc3MlM0QlMjJhbGlnbm5vbmUlMjBzaXplLWZ1bGwlMjIlMjBzcmMlM0QlMjJodHRwcyUzQSUyRiUyRnNrLmNvbS5iciUyRmVuJTJGd3AtY29udGVudCUyRnVwbG9hZHMlMkYyMDE5JTJGMTIlMkZ1cy5qcGclMjIlMjBhbHQlM0QlMjIlMjIlMjB3aWR0aCUzRCUyMjI2JTIyJTIwaGVpZ2h0JTNEJTIyMjYlMjIlM0UlMEElMjAlMjAlMjAlMjAlMjAlM0MlMkZhJTNFJTBBJTIwJTIwJTIwJTNDJTJGZGl2JTNFJTA5JTBBJTBBJTIwJTIwJTIwJTNDZGl2JTIwY2xhc3MlM0QlMjJpZGxhJTIyJTNFJTBBJTIwJTIwJTIwJTIwJTIwJTNDYSUyMGhyZWYlM0QlMjJodHRwcyUzQSUyRiUyRnNrLmNvbS5iciUyRmVuZ2xpc2gtbWFkZS1pbi1icmF6aWwlMkZsaWNvZXMtZW0tdmlkZW8lMkYlMjIlM0UlMEElMjAlMjAlMjAlMjAlMjAlMjAlMjAlM0NpbWclMjBjbGFzcyUzRCUyMmFsaWdubm9uZSUyMHNpemUtZnVsbCUyMiUyMHNyYyUzRCUyMmh0dHBzJTNBJTJGJTJGc2suY29tLmJyJTJGZW4lMkZ3cC1jb250ZW50JTJGdXBsb2FkcyUyRjIwMTklMkYxMiUyRmJyLmpwZyUyMiUyMGFsdCUzRCUyMiUyMiUyMHdpZHRoJTNEJTIyMjYlMjIlMjBoZWlnaHQlM0QlMjIyNiUyMiUzRSUwQSUyMCUyMCUyMCUyMCUyMCUzQyUyRmElM0UlMEElMjAlMjAlMjAlM0MlMkZkaXYlM0UlMDklMDklMDklMDklMDklMDklMEElM0MlMkZkaXYlM0U=[\/vc_raw_html][\/vc_column][\/vc_row]<\/p>\n","protected":false},"author":2,"featured_media":0,"parent":336,"menu_order":0,"comment_status":"closed","ping_status":"closed","template":"","meta":[],"_links":{"self":[{"href":"https:\/\/sk.com.br\/en\/wp-json\/wp\/v2\/pages\/824"}],"collection":[{"href":"https:\/\/sk.com.br\/en\/wp-json\/wp\/v2\/pages"}],"about":[{"href":"https:\/\/sk.com.br\/en\/wp-json\/wp\/v2\/types\/page"}],"author":[{"embeddable":true,"href":"https:\/\/sk.com.br\/en\/wp-json\/wp\/v2\/users\/2"}],"replies":[{"embeddable":true,"href":"https:\/\/sk.com.br\/en\/wp-json\/wp\/v2\/comments?post=824"}],"version-history":[{"count":12,"href":"https:\/\/sk.com.br\/en\/wp-json\/wp\/v2\/pages\/824\/revisions"}],"predecessor-version":[{"id":972,"href":"https:\/\/sk.com.br\/en\/wp-json\/wp\/v2\/pages\/824\/revisions\/972"}],"up":[{"embeddable":true,"href":"https:\/\/sk.com.br\/en\/wp-json\/wp\/v2\/pages\/336"}],"wp:attachment":[{"href":"https:\/\/sk.com.br\/en\/wp-json\/wp\/v2\/media?parent=824"}],"curies":[{"name":"wp","href":"https:\/\/api.w.org\/{rel}","templated":true}]}}