{"id":249,"date":"2019-12-15T07:54:56","date_gmt":"2019-12-15T10:54:56","guid":{"rendered":"https:\/\/sk.com.br\/en\/?page_id=249"},"modified":"2020-04-10T04:52:02","modified_gmt":"2020-04-10T07:52:02","slug":"treinamento-avancado-para-professores-de-ingles","status":"publish","type":"page","link":"https:\/\/sk.com.br\/en\/services\/treinamento-avancado-para-professores-de-ingles\/","title":{"rendered":"Treinamento Avan\u00e7ado para Professores de Ingl\u00eas"},"content":{"rendered":"<p>[vc_row][vc_column width=&#8221;1\/1&#8243;][vc_column_text]A S&amp;K &#8211; ESL oferece tamb\u00e9m treinamento avan\u00e7ado para professores de ingl\u00eas, incluindo an\u00e1lise de diferentes metodologias para o ensino de l\u00ednguas, cl\u00ednica de elimina\u00e7\u00e3o de sotaque, t\u00e9cnicas de reda\u00e7\u00e3o, estudos comparados de gram\u00e1tica e fon\u00e9tica entre ingl\u00eas e portugu\u00eas, an\u00e1lise de contrastes idiom\u00e1ticos, t\u00e9cnicas de avalia\u00e7\u00e3o de profici\u00eancia, etc.[\/vc_column_text][\/vc_column][\/vc_row][vc_row class=&#8221;container idiomas &#8220;][vc_column width=&#8221;1\/1&#8221;][vc_raw_html]JTNDZGl2JTIwY2xhc3MlM0QlMjJ0b3BiYXItY29sMyUyMiUzRSUwQSUyMCUyMCUyMCUzQ2RpdiUyMGNsYXNzJTNEJTIyaWRsYSUyMiUzRSUwQSUyMCUyMCUyMCUyMCUyMCUzQ2ElMjBocmVmJTNEJTIyJTIzJTIyJTNFJTBBJTIwJTIwJTIwJTIwJTIwJTIwJTIwJTNDaW1nJTIwY2xhc3MlM0QlMjJhbGlnbm5vbmUlMjBzaXplLWZ1bGwlMjIlMjBzcmMlM0QlMjJodHRwcyUzQSUyRiUyRnNrLmNvbS5iciUyRmVuJTJGd3AtY29udGVudCUyRnVwbG9hZHMlMkYyMDE5JTJGMTIlMkZ1cy5qcGclMjIlMjBhbHQlM0QlMjIlMjIlMjB3aWR0aCUzRCUyMjI2JTIyJTIwaGVpZ2h0JTNEJTIyMjYlMjIlM0UlMEElMjAlMjAlMjAlMjAlMjAlM0MlMkZhJTNFJTBBJTIwJTIwJTIwJTNDJTJGZGl2JTNFJTA5JTBBJTBBJTIwJTIwJTIwJTNDZGl2JTIwY2xhc3MlM0QlMjJpZGxhJTIyJTNFJTBBJTIwJTIwJTIwJTIwJTIwJTNDYSUyMGhyZWYlM0QlMjJodHRwcyUzQSUyRiUyRnNrLmNvbS5iciUyRiUyMiUzRSUwQSUyMCUyMCUyMCUyMCUyMCUyMCUyMCUzQ2ltZyUyMGNsYXNzJTNEJTIyYWxpZ25ub25lJTIwc2l6ZS1mdWxsJTIyJTIwc3JjJTNEJTIyaHR0cHMlM0ElMkYlMkZzay5jb20uYnIlMkZlbiUyRndwLWNvbnRlbnQlMkZ1cGxvYWRzJTJGMjAxOSUyRjEyJTJGYnIuanBnJTIyJTIwYWx0JTNEJTIyJTIyJTIwd2lkdGglM0QlMjIyNiUyMiUyMGhlaWdodCUzRCUyMjI2JTIyJTNFJTBBJTIwJTIwJTIwJTIwJTIwJTNDJTJGYSUzRSUwQSUyMCUyMCUyMCUzQyUyRmRpdiUzRSUwOSUwOSUwOSUwOSUwOSUwOSUwQSUzQyUyRmRpdiUzRQ==[\/vc_raw_html][\/vc_column][\/vc_row]<\/p>\n","protected":false},"excerpt":{"rendered":"<p>[vc_row][vc_column width=&#8221;1\/1&#8243;][vc_column_text]A S&amp;K &#8211; ESL oferece tamb\u00e9m treinamento avan\u00e7ado para professores de ingl\u00eas, incluindo an\u00e1lise de diferentes metodologias para o ensino de l\u00ednguas, cl\u00ednica de elimina\u00e7\u00e3o de sotaque, t\u00e9cnicas de reda\u00e7\u00e3o, estudos comparados de gram\u00e1tica e fon\u00e9tica entre ingl\u00eas e portugu\u00eas, an\u00e1lise de contrastes idiom\u00e1ticos, t\u00e9cnicas de avalia\u00e7\u00e3o de profici\u00eancia, etc.[\/vc_column_text][\/vc_column][\/vc_row][vc_row class=&#8221;container idiomas &#8220;][vc_column width=&#8221;1\/1&#8221;][vc_raw_html]JTNDZGl2JTIwY2xhc3MlM0QlMjJ0b3BiYXItY29sMyUyMiUzRSUwQSUyMCUyMCUyMCUzQ2RpdiUyMGNsYXNzJTNEJTIyaWRsYSUyMiUzRSUwQSUyMCUyMCUyMCUyMCUyMCUzQ2ElMjBocmVmJTNEJTIyJTIzJTIyJTNFJTBBJTIwJTIwJTIwJTIwJTIwJTIwJTIwJTNDaW1nJTIwY2xhc3MlM0QlMjJhbGlnbm5vbmUlMjBzaXplLWZ1bGwlMjIlMjBzcmMlM0QlMjJodHRwcyUzQSUyRiUyRnNrLmNvbS5iciUyRmVuJTJGd3AtY29udGVudCUyRnVwbG9hZHMlMkYyMDE5JTJGMTIlMkZ1cy5qcGclMjIlMjBhbHQlM0QlMjIlMjIlMjB3aWR0aCUzRCUyMjI2JTIyJTIwaGVpZ2h0JTNEJTIyMjYlMjIlM0UlMEElMjAlMjAlMjAlMjAlMjAlM0MlMkZhJTNFJTBBJTIwJTIwJTIwJTNDJTJGZGl2JTNFJTA5JTBBJTBBJTIwJTIwJTIwJTNDZGl2JTIwY2xhc3MlM0QlMjJpZGxhJTIyJTNFJTBBJTIwJTIwJTIwJTIwJTIwJTNDYSUyMGhyZWYlM0QlMjJodHRwcyUzQSUyRiUyRnNrLmNvbS5iciUyRiUyMiUzRSUwQSUyMCUyMCUyMCUyMCUyMCUyMCUyMCUzQ2ltZyUyMGNsYXNzJTNEJTIyYWxpZ25ub25lJTIwc2l6ZS1mdWxsJTIyJTIwc3JjJTNEJTIyaHR0cHMlM0ElMkYlMkZzay5jb20uYnIlMkZlbiUyRndwLWNvbnRlbnQlMkZ1cGxvYWRzJTJGMjAxOSUyRjEyJTJGYnIuanBnJTIyJTIwYWx0JTNEJTIyJTIyJTIwd2lkdGglM0QlMjIyNiUyMiUyMGhlaWdodCUzRCUyMjI2JTIyJTNFJTBBJTIwJTIwJTIwJTIwJTIwJTNDJTJGYSUzRSUwQSUyMCUyMCUyMCUzQyUyRmRpdiUzRSUwOSUwOSUwOSUwOSUwOSUwOSUwQSUzQyUyRmRpdiUzRQ==[\/vc_raw_html][\/vc_column][\/vc_row]<\/p>\n","protected":false},"author":1,"featured_media":0,"parent":226,"menu_order":0,"comment_status":"closed","ping_status":"closed","template":"","meta":[],"_links":{"self":[{"href":"https:\/\/sk.com.br\/en\/wp-json\/wp\/v2\/pages\/249"}],"collection":[{"href":"https:\/\/sk.com.br\/en\/wp-json\/wp\/v2\/pages"}],"about":[{"href":"https:\/\/sk.com.br\/en\/wp-json\/wp\/v2\/types\/page"}],"author":[{"embeddable":true,"href":"https:\/\/sk.com.br\/en\/wp-json\/wp\/v2\/users\/1"}],"replies":[{"embeddable":true,"href":"https:\/\/sk.com.br\/en\/wp-json\/wp\/v2\/comments?post=249"}],"version-history":[{"count":5,"href":"https:\/\/sk.com.br\/en\/wp-json\/wp\/v2\/pages\/249\/revisions"}],"predecessor-version":[{"id":911,"href":"https:\/\/sk.com.br\/en\/wp-json\/wp\/v2\/pages\/249\/revisions\/911"}],"up":[{"embeddable":true,"href":"https:\/\/sk.com.br\/en\/wp-json\/wp\/v2\/pages\/226"}],"wp:attachment":[{"href":"https:\/\/sk.com.br\/en\/wp-json\/wp\/v2\/media?parent=249"}],"curies":[{"name":"wp","href":"https:\/\/api.w.org\/{rel}","templated":true}]}}