{"id":243,"date":"2019-12-15T07:52:36","date_gmt":"2019-12-15T10:52:36","guid":{"rendered":"https:\/\/sk.com.br\/en\/?page_id=243"},"modified":"2020-04-10T04:38:11","modified_gmt":"2020-04-10T07:38:11","slug":"intercambios","status":"publish","type":"page","link":"https:\/\/sk.com.br\/en\/services\/intercambios\/","title":{"rendered":"Interc\u00e2mbios"},"content":{"rendered":"<p>[vc_row][vc_column width=&#8221;1\/2&#8243;]<div class=\"single_image wpb_content_element align-center   \" data-animation=\"none\" data-delay=\"0\"><img width=\"900\" height=\"823\" src=\"https:\/\/sk.com.br\/en\/wp-content\/uploads\/2019\/12\/img_ic1.jpg\" class=\"attachment-full\" alt=\"\" loading=\"lazy\" srcset=\"https:\/\/sk.com.br\/en\/wp-content\/uploads\/2019\/12\/img_ic1.jpg 900w, https:\/\/sk.com.br\/en\/wp-content\/uploads\/2019\/12\/img_ic1-300x274.jpg 300w, https:\/\/sk.com.br\/en\/wp-content\/uploads\/2019\/12\/img_ic1-768x702.jpg 768w\" sizes=\"(max-width: 900px) 100vw, 900px\" \/><\/div>[\/vc_column][vc_column el_class=&#8221;col-hic2-in&#8221; width=&#8221;1\/2&#8243;][vc_column_text]<\/p>\n<h2 class=\"tit-hic-in\"><span class=\"tit-hic2-in\">Interc\u00e2mbio<\/span> Cultural<\/h2>\n<p>[\/vc_column_text][vc_column_text]<img loading=\"lazy\" class=\"alignnone size-full wp-image-297 img-hic2-in\" src=\"https:\/\/sk.com.br\/en\/wp-content\/uploads\/2019\/12\/img_ic2.jpg\" alt=\"\" width=\"594\" height=\"31\" srcset=\"https:\/\/sk.com.br\/en\/wp-content\/uploads\/2019\/12\/img_ic2.jpg 594w, https:\/\/sk.com.br\/en\/wp-content\/uploads\/2019\/12\/img_ic2-300x16.jpg 300w\" sizes=\"(max-width: 594px) 100vw, 594px\" \/>[\/vc_column_text][vc_column_text]Interc\u00e2mbio \u00e9 a forma mais completa de aprendizado de l\u00ednguas.<br \/>\nA experi\u00eancia de conv\u00edvio humano e as situa\u00e7\u00f5es reais de comunica\u00e7\u00e3o que da\u00ed decorrem s\u00e3o garantia de uma assimila\u00e7\u00e3o natural, r\u00e1pida e permanente da l\u00edngua e da cultura estrangeira.[\/vc_column_text][\/vc_column][\/vc_row][vc_row class=&#8221;lin-hic&#8221;][vc_column el_class=&#8221;col-hic shfu&#8221; width=&#8221;1\/3&#8243;][vc_column_text]<img loading=\"lazy\" class=\"alignnone wp-image-37 size-full img-hic-in-3\" src=\"https:\/\/sk.com.br\/en\/wp-content\/uploads\/2019\/12\/foto_intercambio.jpg\" alt=\"\" width=\"574\" height=\"541\" srcset=\"https:\/\/sk.com.br\/en\/wp-content\/uploads\/2019\/12\/foto_intercambio.jpg 574w, https:\/\/sk.com.br\/en\/wp-content\/uploads\/2019\/12\/foto_intercambio-300x283.jpg 300w\" sizes=\"(max-width: 574px) 100vw, 574px\" \/>[\/vc_column_text][\/vc_column][vc_column el_class=&#8221;col-hic2-in&#8221; width=&#8221;2\/3&#8243;][vc_column_text el_class=&#8221;tex-hic shfu&#8221;]Mais de 350 pessoas j\u00e1 realizaram interc\u00e2mbios entre Canad\u00e1,<br \/>\nU.K., Estados Unidos e Brasil. S\u00f3 em Santa Cruz do Sul a<br \/>\nS&amp;K Interc\u00e2mbios recebeu em torno de 150 alunos<br \/>\nde portugu\u00eas para estrangeiros e mais de 200<br \/>\nbrasileiros foram estudar em outros pa\u00edses.<br \/>\nAdquira essa experi\u00eancia voc\u00ea tamb\u00e9m![\/vc_column_text][vc_column_text el_class=&#8221;tex-hic shse&#8221;]<img loading=\"lazy\" class=\"alignnone size-full wp-image-137 img-hicm\" src=\"https:\/\/sk.com.br\/en\/wp-content\/uploads\/2019\/12\/foto_intercambio-mob.jpg\" alt=\"\" width=\"473\" height=\"545\" srcset=\"https:\/\/sk.com.br\/en\/wp-content\/uploads\/2019\/12\/foto_intercambio-mob.jpg 473w, https:\/\/sk.com.br\/en\/wp-content\/uploads\/2019\/12\/foto_intercambio-mob-260x300.jpg 260w\" sizes=\"(max-width: 473px) 100vw, 473px\" \/><\/p>\n<p>Mais de 350 pessoas j\u00e1 realizaram interc\u00e2mbios entre Canad\u00e1, U.K., Estados Unidos e Brasil. S\u00f3 em Santa Cruz do Sul a S&amp;K Interc\u00e2mbios recebeu em torno de 150 alunos de portugu\u00eas para estrangeiros e mais de 200 brasileiros foram estudar em outros pa\u00edses. Adquira essa experi\u00eancia voc\u00ea tamb\u00e9m![\/vc_column_text][\/vc_column][\/vc_row][vc_row class=&#8221;lin-hic-in-4&#8243;][vc_column][vc_column_text]<strong>Planos de Interc\u00e2mbio<\/strong><\/p>\n<p><b>Plano 1 &#8211; Interc\u00e2mbio cultural em Santa Cruz do Sul:<\/b>\u00a0Atrav\u00e9s de nosso\u00a0centro de conv\u00edvio multicultural, oferecemos, em sala de aula, conv\u00edvio com nativos e experi\u00eancias semelhantes \u00e0quelas vividas em programas de interc\u00e2mbio. Em nosso centro de conv\u00edvio, al\u00e9m de se aprender a l\u00edngua, aprende-se a cultura estrangeira.<\/p>\n<p><b>Plano 2 &#8211; Ingl\u00eas no exterior para qualquer idade:<\/b> Nossos alunos podem estudar ingl\u00eas nos Estados Unidos, Canad\u00e1 ou Inglaterra, podendo escolher o estado, a \u00e9poca, a dura\u00e7\u00e3o do programa, o pre\u00e7o, e o tipo de hospedagem (casa de fam\u00edlia, etc.). Op\u00e7\u00f5es a partir de US$400\/semana. O aluno \u00e9 livre para comprar sua passagem de qualquer companhia a\u00e9rea, em qualquer ag\u00eancia.<\/p>\n<p><b>Plano 3 &#8211; Curso superior, mestrados e doutorados nos Estados Unidos:<\/b>\u00a0Somos representantes da Universidade Internacional de Virginia (VIU), localizada na grande metr\u00f3pole de Washington DC. Al\u00e9m de cursos de ingl\u00eas, a VIU oferece programas de gradua\u00e7\u00e3o, p\u00f3s-gradua\u00e7\u00e3o e mestrado.[\/vc_column_text][\/vc_column][\/vc_row][vc_row class=&#8221;lin-hic-in-4&#8243;][vc_column][vc_column_text]<strong>Destinos<\/strong><\/p>\n<p><b>Estados Unidos<\/b><br \/>\nSomos representantes da Virginia International University para cursos de ingl\u00eas ou de gradua\u00e7\u00e3o e p\u00f3s-gradua\u00e7\u00e3o. Esta \u00e9 uma oportunidades de morar em um dos bel\u00edssimos campus universit\u00e1rios norte-americanos, respirar os ares de liberdade de uma juventude independente por\u00e9m respons\u00e1vel, adquirir a pron\u00fancia do Standard American English, conviver em ambientes multiculturais, participando de atividades recreativas ao ar livre, visitando as in\u00fameras atra\u00e7\u00f5es de Washington DC e fazendo amizades com pessoas de todos os lugares do mundo.<\/p>\n<p><b>Canad\u00e1<\/b><br \/>\nNo Canad\u00e1, temos a representa\u00e7\u00e3o de uma escola localizada em Burlington, na grande metr\u00f3pole de Toronto. A SK-English Encounters \u00e9 uma escola de independente e pequena, que caracteriza-se pelo ambiente acolhedor que oferece. Felix W\u00f6hler, o propriet\u00e1rio da escola, tem contato direto com todos os alunos, e se empenha para proporcionar-lhes um aproveitamento m\u00e1ximo e uma experi\u00eancia inesquec\u00edvel.<\/p>\n<p><b>Inglaterra <\/b><br \/>\nNossa escola parceira na Inglaterra \u00e9 em Bournemouth. Devido a sua privilegiada situa\u00e7\u00e3o geogr\u00e1fica, Bournemouth \u00e9 hoje um dos principais centros de ensino de ingl\u00eas para estrangeiros. Embora pequena, \u00e9 uma cidade cosmopolita e um dos principais centros de ensino de ingl\u00eas da Europa.[\/vc_column_text][\/vc_column][\/vc_row][vc_row class=&#8221;lin-hic-in-4&#8243;][vc_column][vc_column_text]<strong>Dicas<\/strong><\/p>\n<p>Interc\u00e2mbio \u00e9 a forma mais completa de aprendizado de uma l\u00edngua e sua cultura. A experi\u00eancia de conv\u00edvio humano e as situa\u00e7\u00f5es reais de comunica\u00e7\u00e3o que da\u00ed decorrem s\u00e3o os grandes benef\u00edcios. A oportunidade de imers\u00e3o na l\u00edngua e na cultura estrangeira \u00e9, \u00e0s vezes, de maior valor que a instru\u00e7\u00e3o formal recebida em sala de aula.<\/p>\n<p><b>Divulga\u00e7\u00e3o e Intermedia\u00e7\u00e3o<\/b><br \/>\nQuanto maior e mais famosa a ag\u00eancia de interc\u00e2mbio, tanto maior a chance de se encontrar conterr\u00e2neos brasileiros, com os quais invariavelmente acaba-se falando portugu\u00eas. Este \u00e9 um fator de peso para o aproveitamento do aluno.<\/p>\n<p><b>Viajar sozinho ou em grupo?<\/b><br \/>\nViajar em grupo \u00e9 muito divertido, pois o conv\u00edvio com conterr\u00e2neos forma uma zona de conforto mas tamb\u00e9m cria um microambiente de l\u00edngua e cultura brasileira que acaba comprometendo o objetivo principal da viagem &#8211; o aprendizado da l\u00edngua e da cultura estrangeira. O conv\u00edvio com conterr\u00e2neos \u00e9 dif\u00edcil de ser evitado. Somos naturalmente atra\u00eddos por aqueles com quem compartilhamos os mesmos valores. Isso, entretanto, refor\u00e7a nossos preconceitos culturais e nos cria uma certa impermeabilidade aos valores da cultura estrangeira. O intercambista solo fica muito mais perme\u00e1vel \u00e0 cultura estrangeira. Para enfrentar a saudade e a solid\u00e3o, a pessoa se abre mais em busca de conv\u00edvio humano. Torna-se mais tolerante com as diferen\u00e7as e assimila tudo de forma mais completa.<\/p>\n<p><b>Carga hor\u00e1ria<\/b><br \/>\nProgramas de 20 e 25 horas semanais s\u00e3o mais procurados do que os de 30 horas por serem menos cansativos e permitirem mais tempo para outras experi\u00eancias, al\u00e9m de mais baratos. A regra geral \u00e9 a seguinte: quanto mais longo o programa, menor a carga hor\u00e1ria. Uma carga hor\u00e1ria de aula de 30 horas semanais \u00e9 mais indicada para programas curtos de 4 semanas ou menos.<\/p>\n<p><b>Localiza\u00e7\u00e3o<\/b><br \/>\nCidades pequenas podem ser mais interessantes e mais baratas do que cidades grandes. Grandes metr\u00f3poles n\u00e3o oferecem a mesma facilidade de conv\u00edvio comunit\u00e1rio das pequenas cidades, e dificilmente os programas de ESL nelas instalados oferecem a op\u00e7\u00e3o de estadia em casa de fam\u00edlia. O aluno que deseja conhecer os atrativos de uma grande metr\u00f3pole, pode faz\u00ea-lo em fins de semana ou ao final do programa, antes de retornar. Evite tamb\u00e9m lugares tur\u00edsticos, principalmente em \u00e9pocas de f\u00e9rias.<\/p>\n<p><b>Clima<\/b><br \/>\nN\u00f3s, que vivemos num clima tropical, facilmente nos deixamos levar pela preocupa\u00e7\u00e3o de passar desconforto em pa\u00edses de clima frio. Entretanto, aqueles que j\u00e1 tiveram a experi\u00eancia sabem que a preocupa\u00e7\u00e3o n\u00e3o procede. Nos pa\u00edses de clima frio, todas habita\u00e7\u00f5es e pr\u00e9dios possuem aquecimento central de grande efici\u00eancia e o frio \u00e9 predominantemente seco, o que ajuda a n\u00e3o causar desconforto. Um inverno no Canad\u00e1, por exemplo, pode se constituir numa experi\u00eancia inesquec\u00edvel.<\/p>\n<p><b>Tipos de Acomoda\u00e7\u00f5es<\/b><br \/>\nHomestay (estadia em casas de fam\u00edlias) \u00e9 normalmente a alternativa mais barata para curtos per\u00edodos (1 a 4 meses), e a mais interessante dos pontos de vista de interc\u00e2mbio cultural e de contato com o idioma, pela oportunidade de conv\u00edvio que oferece. As fam\u00edlias normalmente s\u00e3o remuneradas pela hospedagem e servi\u00e7o que oferecem e t\u00eam experi\u00eancia em receber estrangeiros das mais diferentes proced\u00eancias. Portanto, est\u00e3o acostumadas a lidar com diferen\u00e7as culturais, t\u00eam um alto grau de toler\u00e2ncia e tratam o h\u00f3spede com profissionalismo. Verifique sempre se as acomoda\u00e7\u00f5es s\u00e3o individuais ou se voc\u00ea ter\u00e1 que dividir o quarto com outro estudante estrangeiro. Este detalhe pode influir no pre\u00e7o significativamente.<\/p>\n<p><b>Passagem A\u00e9rea<\/b><br \/>\nSe a passagem a\u00e9rea lhe for oferecida num pacote fechado, exija o pre\u00e7o discriminado do curso e da passagem, bem como a op\u00e7\u00e3o de compr\u00e1-los separadamente, para ter certeza de que em nenhum dos itens voc\u00ea est\u00e1 pagando mais do que o necess\u00e1rio.[\/vc_column_text][\/vc_column][\/vc_row][vc_row class=&#8221;container idiomas &#8220;][vc_column width=&#8221;1\/1&#8221;][vc_raw_html]JTNDZGl2JTIwY2xhc3MlM0QlMjJ0b3BiYXItY29sMyUyMiUzRSUwQSUyMCUyMCUyMCUzQ2RpdiUyMGNsYXNzJTNEJTIyaWRsYSUyMiUzRSUwQSUyMCUyMCUyMCUyMCUyMCUzQ2ElMjBocmVmJTNEJTIyJTIzJTIyJTNFJTBBJTIwJTIwJTIwJTIwJTIwJTIwJTIwJTNDaW1nJTIwY2xhc3MlM0QlMjJhbGlnbm5vbmUlMjBzaXplLWZ1bGwlMjIlMjBzcmMlM0QlMjJodHRwcyUzQSUyRiUyRnNrLmNvbS5iciUyRmVuJTJGd3AtY29udGVudCUyRnVwbG9hZHMlMkYyMDE5JTJGMTIlMkZ1cy5qcGclMjIlMjBhbHQlM0QlMjIlMjIlMjB3aWR0aCUzRCUyMjI2JTIyJTIwaGVpZ2h0JTNEJTIyMjYlMjIlM0UlMEElMjAlMjAlMjAlMjAlMjAlM0MlMkZhJTNFJTBBJTIwJTIwJTIwJTNDJTJGZGl2JTNFJTA5JTBBJTBBJTIwJTIwJTIwJTNDZGl2JTIwY2xhc3MlM0QlMjJpZGxhJTIyJTNFJTBBJTIwJTIwJTIwJTIwJTIwJTNDYSUyMGhyZWYlM0QlMjJodHRwcyUzQSUyRiUyRnNrLmNvbS5iciUyRiUyMiUzRSUwQSUyMCUyMCUyMCUyMCUyMCUyMCUyMCUzQ2ltZyUyMGNsYXNzJTNEJTIyYWxpZ25ub25lJTIwc2l6ZS1mdWxsJTIyJTIwc3JjJTNEJTIyaHR0cHMlM0ElMkYlMkZzay5jb20uYnIlMkZlbiUyRndwLWNvbnRlbnQlMkZ1cGxvYWRzJTJGMjAxOSUyRjEyJTJGYnIuanBnJTIyJTIwYWx0JTNEJTIyJTIyJTIwd2lkdGglM0QlMjIyNiUyMiUyMGhlaWdodCUzRCUyMjI2JTIyJTNFJTBBJTIwJTIwJTIwJTIwJTIwJTNDJTJGYSUzRSUwQSUyMCUyMCUyMCUzQyUyRmRpdiUzRSUwOSUwOSUwOSUwOSUwOSUwOSUwQSUzQyUyRmRpdiUzRQ==[\/vc_raw_html][\/vc_column][\/vc_row]<\/p>\n","protected":false},"excerpt":{"rendered":"<p>[vc_row][vc_column width=&#8221;1\/2&#8243;][\/vc_column][vc_column el_class=&#8221;col-hic2-in&#8221; width=&#8221;1\/2&#8243;][vc_column_text] Interc\u00e2mbio Cultural [\/vc_column_text][vc_column_text][\/vc_column_text][vc_column_text]Interc\u00e2mbio \u00e9 a forma mais completa de aprendizado de l\u00ednguas. A experi\u00eancia de conv\u00edvio humano e as situa\u00e7\u00f5es reais de comunica\u00e7\u00e3o que da\u00ed decorrem s\u00e3o garantia de uma assimila\u00e7\u00e3o natural, r\u00e1pida e permanente da l\u00edngua e da cultura estrangeira.[\/vc_column_text][\/vc_column][\/vc_row][vc_row class=&#8221;lin-hic&#8221;][vc_column el_class=&#8221;col-hic shfu&#8221; width=&#8221;1\/3&#8243;][vc_column_text][\/vc_column_text][\/vc_column][vc_column el_class=&#8221;col-hic2-in&#8221; width=&#8221;2\/3&#8243;][vc_column_text el_class=&#8221;tex-hic shfu&#8221;]Mais de 350 pessoas j\u00e1 realizaram interc\u00e2mbios entre Canad\u00e1, U.K., Estados Unidos e Brasil. S\u00f3 em Santa Cruz do Sul a S&amp;K Interc\u00e2mbios recebeu em torno de 150 alunos de portugu\u00eas para estrangeiros e mais de 200 brasileiros foram estudar em outros pa\u00edses. Adquira essa experi\u00eancia voc\u00ea tamb\u00e9m![\/vc_column_text][vc_column_text el_class=&#8221;tex-hic shse&#8221;] Mais de 350 pessoas j\u00e1 realizaram interc\u00e2mbios entre Canad\u00e1, U.K., Estados Unidos e Brasil. S\u00f3 em Santa Cruz do Sul a S&amp;K Interc\u00e2mbios recebeu em torno de 150 alunos de portugu\u00eas para estrangeiros e mais de 200 brasileiros foram estudar em outros pa\u00edses. Adquira essa experi\u00eancia voc\u00ea tamb\u00e9m![\/vc_column_text][\/vc_column][\/vc_row][vc_row class=&#8221;lin-hic-in-4&#8243;][vc_column][vc_column_text]Planos de Interc\u00e2mbio Plano 1 &#8211; Interc\u00e2mbio cultural em Santa Cruz do Sul:\u00a0Atrav\u00e9s de nosso\u00a0centro de conv\u00edvio multicultural, oferecemos, em sala de aula, conv\u00edvio com nativos e experi\u00eancias semelhantes \u00e0quelas vividas em programas de interc\u00e2mbio. Em nosso centro de conv\u00edvio, al\u00e9m de se aprender a l\u00edngua, aprende-se a cultura estrangeira. [&hellip;]<\/p>\n","protected":false},"author":1,"featured_media":0,"parent":226,"menu_order":0,"comment_status":"closed","ping_status":"closed","template":"","meta":[],"_links":{"self":[{"href":"https:\/\/sk.com.br\/en\/wp-json\/wp\/v2\/pages\/243"}],"collection":[{"href":"https:\/\/sk.com.br\/en\/wp-json\/wp\/v2\/pages"}],"about":[{"href":"https:\/\/sk.com.br\/en\/wp-json\/wp\/v2\/types\/page"}],"author":[{"embeddable":true,"href":"https:\/\/sk.com.br\/en\/wp-json\/wp\/v2\/users\/1"}],"replies":[{"embeddable":true,"href":"https:\/\/sk.com.br\/en\/wp-json\/wp\/v2\/comments?post=243"}],"version-history":[{"count":30,"href":"https:\/\/sk.com.br\/en\/wp-json\/wp\/v2\/pages\/243\/revisions"}],"predecessor-version":[{"id":905,"href":"https:\/\/sk.com.br\/en\/wp-json\/wp\/v2\/pages\/243\/revisions\/905"}],"up":[{"embeddable":true,"href":"https:\/\/sk.com.br\/en\/wp-json\/wp\/v2\/pages\/226"}],"wp:attachment":[{"href":"https:\/\/sk.com.br\/en\/wp-json\/wp\/v2\/media?parent=243"}],"curies":[{"name":"wp","href":"https:\/\/api.w.org\/{rel}","templated":true}]}}