{"id":241,"date":"2019-12-15T07:51:47","date_gmt":"2019-12-15T10:51:47","guid":{"rendered":"https:\/\/sk.com.br\/en\/?page_id=241"},"modified":"2020-04-10T04:50:27","modified_gmt":"2020-04-10T07:50:27","slug":"programa-de-ferias-e-intensivos","status":"publish","type":"page","link":"https:\/\/sk.com.br\/en\/services\/programa-de-ferias-e-intensivos\/","title":{"rendered":"Programa de F\u00e9rias e Intensivos"},"content":{"rendered":"<p>[vc_row][vc_column width=&#8221;1\/1&#8243;][vc_column_text]<strong>Intensivos de Ver\u00e3o e Inverno<\/strong><br \/>\nOcorrem sempre em janeiro, fevereiro e julho, durante o per\u00edodo de f\u00e9rias escolares. \u00c9 composto por 8,5 horas semanais de conversa\u00e7\u00e3o, durante 3 semanas. Possui uma carga hor\u00e1ria total de 25,5 horas.<\/p>\n<p><strong>Summer Camp<\/strong><br \/>\nS&amp;K apresenta um novo programa de desenvolvimento infantil em l\u00edngua inglesa para o per\u00edodo de f\u00e9rias de ver\u00e3o. A exemplo dos tradicionais\u00a0<em>summer camps<\/em>\u00a0nos pa\u00edses de l\u00edngua inglesa, crian\u00e7as e pr\u00e9-adolescentes participam de atividades de desenvolvimento educacional e cultural. Atividades como estudos de plantas, animais e ecossistema no Parque da Gruta, levantamento fotogr\u00e1fico do potencial tur\u00edstico de Santa Cruz, pesquisas de produtos e pre\u00e7os em supermercados, oficina de culin\u00e1ria e h\u00e1bitos alimentares saud\u00e1veis, visitas programadas ao aeroclube, ao corpo de bombeiros e museus, artes, m\u00fasica e trabalhos manuais, atividades l\u00fadicas e desportivas, s\u00e3o todas conduzidas totalmente\u00a0<u><strong>em ingl\u00eas<\/strong><\/u>.<\/p>\n<p>Ambos os programas oferecem uma excelente rela\u00e7\u00e3o custo-benef\u00edcio.[\/vc_column_text][\/vc_column][\/vc_row][vc_row class=&#8221;container idiomas &#8220;][vc_column width=&#8221;1\/1&#8221;][vc_raw_html]JTNDZGl2JTIwY2xhc3MlM0QlMjJ0b3BiYXItY29sMyUyMiUzRSUwQSUyMCUyMCUyMCUzQ2RpdiUyMGNsYXNzJTNEJTIyaWRsYSUyMiUzRSUwQSUyMCUyMCUyMCUyMCUyMCUzQ2ElMjBocmVmJTNEJTIyJTIzJTIyJTNFJTBBJTIwJTIwJTIwJTIwJTIwJTIwJTIwJTNDaW1nJTIwY2xhc3MlM0QlMjJhbGlnbm5vbmUlMjBzaXplLWZ1bGwlMjIlMjBzcmMlM0QlMjJodHRwcyUzQSUyRiUyRnNrLmNvbS5iciUyRmVuJTJGd3AtY29udGVudCUyRnVwbG9hZHMlMkYyMDE5JTJGMTIlMkZ1cy5qcGclMjIlMjBhbHQlM0QlMjIlMjIlMjB3aWR0aCUzRCUyMjI2JTIyJTIwaGVpZ2h0JTNEJTIyMjYlMjIlM0UlMEElMjAlMjAlMjAlMjAlMjAlM0MlMkZhJTNFJTBBJTIwJTIwJTIwJTNDJTJGZGl2JTNFJTA5JTBBJTBBJTIwJTIwJTIwJTNDZGl2JTIwY2xhc3MlM0QlMjJpZGxhJTIyJTNFJTBBJTIwJTIwJTIwJTIwJTIwJTNDYSUyMGhyZWYlM0QlMjJodHRwcyUzQSUyRiUyRnNrLmNvbS5iciUyRiUyMiUzRSUwQSUyMCUyMCUyMCUyMCUyMCUyMCUyMCUzQ2ltZyUyMGNsYXNzJTNEJTIyYWxpZ25ub25lJTIwc2l6ZS1mdWxsJTIyJTIwc3JjJTNEJTIyaHR0cHMlM0ElMkYlMkZzay5jb20uYnIlMkZlbiUyRndwLWNvbnRlbnQlMkZ1cGxvYWRzJTJGMjAxOSUyRjEyJTJGYnIuanBnJTIyJTIwYWx0JTNEJTIyJTIyJTIwd2lkdGglM0QlMjIyNiUyMiUyMGhlaWdodCUzRCUyMjI2JTIyJTNFJTBBJTIwJTIwJTIwJTIwJTIwJTNDJTJGYSUzRSUwQSUyMCUyMCUyMCUzQyUyRmRpdiUzRSUwOSUwOSUwOSUwOSUwOSUwOSUwQSUzQyUyRmRpdiUzRQ==[\/vc_raw_html][\/vc_column][\/vc_row]<\/p>\n","protected":false},"excerpt":{"rendered":"<p>[vc_row][vc_column width=&#8221;1\/1&#8243;][vc_column_text]Intensivos de Ver\u00e3o e Inverno Ocorrem sempre em janeiro, fevereiro e julho, durante o per\u00edodo de f\u00e9rias escolares. \u00c9 composto por 8,5 horas semanais de conversa\u00e7\u00e3o, durante 3 semanas. Possui uma carga hor\u00e1ria total de 25,5 horas. Summer Camp S&amp;K apresenta um novo programa de desenvolvimento infantil em l\u00edngua inglesa para o per\u00edodo de f\u00e9rias de ver\u00e3o. A exemplo dos tradicionais\u00a0summer camps\u00a0nos pa\u00edses de l\u00edngua inglesa, crian\u00e7as e pr\u00e9-adolescentes participam de atividades de desenvolvimento educacional e cultural. Atividades como estudos de plantas, animais e ecossistema no Parque da Gruta, levantamento fotogr\u00e1fico do potencial tur\u00edstico de Santa Cruz, pesquisas de produtos e pre\u00e7os em supermercados, oficina de culin\u00e1ria e h\u00e1bitos alimentares saud\u00e1veis, visitas programadas ao aeroclube, ao corpo de bombeiros e museus, artes, m\u00fasica e trabalhos manuais, atividades l\u00fadicas e desportivas, s\u00e3o todas conduzidas totalmente\u00a0em ingl\u00eas. Ambos os programas oferecem uma excelente rela\u00e7\u00e3o custo-benef\u00edcio.[\/vc_column_text][\/vc_column][\/vc_row][vc_row class=&#8221;container idiomas &#8220;][vc_column width=&#8221;1\/1&#8221;][vc_raw_html]JTNDZGl2JTIwY2xhc3MlM0QlMjJ0b3BiYXItY29sMyUyMiUzRSUwQSUyMCUyMCUyMCUzQ2RpdiUyMGNsYXNzJTNEJTIyaWRsYSUyMiUzRSUwQSUyMCUyMCUyMCUyMCUyMCUzQ2ElMjBocmVmJTNEJTIyJTIzJTIyJTNFJTBBJTIwJTIwJTIwJTIwJTIwJTIwJTIwJTNDaW1nJTIwY2xhc3MlM0QlMjJhbGlnbm5vbmUlMjBzaXplLWZ1bGwlMjIlMjBzcmMlM0QlMjJodHRwcyUzQSUyRiUyRnNrLmNvbS5iciUyRmVuJTJGd3AtY29udGVudCUyRnVwbG9hZHMlMkYyMDE5JTJGMTIlMkZ1cy5qcGclMjIlMjBhbHQlM0QlMjIlMjIlMjB3aWR0aCUzRCUyMjI2JTIyJTIwaGVpZ2h0JTNEJTIyMjYlMjIlM0UlMEElMjAlMjAlMjAlMjAlMjAlM0MlMkZhJTNFJTBBJTIwJTIwJTIwJTNDJTJGZGl2JTNFJTA5JTBBJTBBJTIwJTIwJTIwJTNDZGl2JTIwY2xhc3MlM0QlMjJpZGxhJTIyJTNFJTBBJTIwJTIwJTIwJTIwJTIwJTNDYSUyMGhyZWYlM0QlMjJodHRwcyUzQSUyRiUyRnNrLmNvbS5iciUyRiUyMiUzRSUwQSUyMCUyMCUyMCUyMCUyMCUyMCUyMCUzQ2ltZyUyMGNsYXNzJTNEJTIyYWxpZ25ub25lJTIwc2l6ZS1mdWxsJTIyJTIwc3JjJTNEJTIyaHR0cHMlM0ElMkYlMkZzay5jb20uYnIlMkZlbiUyRndwLWNvbnRlbnQlMkZ1cGxvYWRzJTJGMjAxOSUyRjEyJTJGYnIuanBnJTIyJTIwYWx0JTNEJTIyJTIyJTIwd2lkdGglM0QlMjIyNiUyMiUyMGhlaWdodCUzRCUyMjI2JTIyJTNFJTBBJTIwJTIwJTIwJTIwJTIwJTNDJTJGYSUzRSUwQSUyMCUyMCUyMCUzQyUyRmRpdiUzRSUwOSUwOSUwOSUwOSUwOSUwOSUwQSUzQyUyRmRpdiUzRQ==[\/vc_raw_html][\/vc_column][\/vc_row]<\/p>\n","protected":false},"author":1,"featured_media":0,"parent":226,"menu_order":0,"comment_status":"closed","ping_status":"closed","template":"","meta":[],"_links":{"self":[{"href":"https:\/\/sk.com.br\/en\/wp-json\/wp\/v2\/pages\/241"}],"collection":[{"href":"https:\/\/sk.com.br\/en\/wp-json\/wp\/v2\/pages"}],"about":[{"href":"https:\/\/sk.com.br\/en\/wp-json\/wp\/v2\/types\/page"}],"author":[{"embeddable":true,"href":"https:\/\/sk.com.br\/en\/wp-json\/wp\/v2\/users\/1"}],"replies":[{"embeddable":true,"href":"https:\/\/sk.com.br\/en\/wp-json\/wp\/v2\/comments?post=241"}],"version-history":[{"count":7,"href":"https:\/\/sk.com.br\/en\/wp-json\/wp\/v2\/pages\/241\/revisions"}],"predecessor-version":[{"id":908,"href":"https:\/\/sk.com.br\/en\/wp-json\/wp\/v2\/pages\/241\/revisions\/908"}],"up":[{"embeddable":true,"href":"https:\/\/sk.com.br\/en\/wp-json\/wp\/v2\/pages\/226"}],"wp:attachment":[{"href":"https:\/\/sk.com.br\/en\/wp-json\/wp\/v2\/media?parent=241"}],"curies":[{"name":"wp","href":"https:\/\/api.w.org\/{rel}","templated":true}]}}